{"id":24,"date":"2026-04-17T00:02:51","date_gmt":"2026-04-17T00:02:51","guid":{"rendered":"https:\/\/levelupcol.com\/?page_id=24"},"modified":"2026-04-17T21:39:51","modified_gmt":"2026-04-17T21:39:51","slug":"novedades","status":"publish","type":"page","link":"https:\/\/levelupcol.com\/en\/novedades\/","title":{"rendered":"Insights"},"content":{"rendered":"\t\t<div data-elementor-type=\"wp-page\" data-elementor-id=\"24\" class=\"elementor elementor-24\" data-elementor-post-type=\"page\">\n\t\t\t\t<div class=\"elementor-element elementor-element-38727ca e-flex e-con-boxed e-con e-parent\" data-id=\"38727ca\" data-element_type=\"container\" data-e-type=\"container\">\n\t\t\t\t\t<div class=\"e-con-inner\">\n\t\t<div class=\"elementor-element elementor-element-6599b21 e-con-full e-flex e-con e-child\" data-id=\"6599b21\" data-element_type=\"container\" data-e-type=\"container\">\n\t\t<div class=\"elementor-element elementor-element-586b17c e-con-full e-flex e-con e-child\" data-id=\"586b17c\" data-element_type=\"container\" data-e-type=\"container\">\n\t\t<div class=\"elementor-element elementor-element-dbc9c66 e-con-full e-flex e-con e-child\" data-id=\"dbc9c66\" data-element_type=\"container\" data-e-type=\"container\">\n\t\t\t\t<div class=\"elementor-element elementor-element-ac100c7 elementor-widget elementor-widget-heading\" data-id=\"ac100c7\" data-element_type=\"widget\" data-e-type=\"widget\" data-widget_type=\"heading.default\">\n\t\t\t\t\t<h1 class=\"elementor-heading-title elementor-size-default\">Novedades financieras<\/h1>\t\t\t\t<\/div>\n\t\t\t\t<div class=\"elementor-element elementor-element-c3b3d6e elementor-widget elementor-widget-text-editor\" data-id=\"c3b3d6e\" data-element_type=\"widget\" data-e-type=\"widget\" data-widget_type=\"text-editor.default\">\n\t\t\t\t\t\t\t\t\t<p>En esta secci\u00f3n encontrar\u00e1s informaci\u00f3n actualizada sobre cambios, tendencias y noticias relevantes del entorno financiero. Nuestro objetivo es mantener a nuestros clientes y aliados informados sobre nuevas oportunidades, actualizaciones del mercado, modificaciones normativas y herramientas que puedan impactar positivamente la gesti\u00f3n de sus finanzas.<\/p>\t\t\t\t\t\t\t\t<\/div>\n\t\t\t\t<\/div>\n\t\t\t\t<\/div>\n\t\t\t\t<\/div>\n\t\t\t\t\t<\/div>\n\t\t\t\t<\/div>\n\t\t<div class=\"elementor-element elementor-element-903e88c e-con-full e-flex e-con e-parent\" data-id=\"903e88c\" data-element_type=\"container\" data-e-type=\"container\" data-settings=\"{&quot;background_background&quot;:&quot;classic&quot;}\">\n\t\t<div class=\"elementor-element elementor-element-f9ef1a4 e-flex e-con-boxed e-con e-child\" data-id=\"f9ef1a4\" data-element_type=\"container\" data-e-type=\"container\">\n\t\t\t\t\t<div class=\"e-con-inner\">\n\t\t<div class=\"elementor-element elementor-element-38a4cac e-con-full e-flex e-con e-child\" data-id=\"38a4cac\" data-element_type=\"container\" data-e-type=\"container\">\n\t\t<div class=\"elementor-element elementor-element-a7c5f42 e-con-full e-flex e-con e-child\" data-id=\"a7c5f42\" data-element_type=\"container\" data-e-type=\"container\">\n\t\t\t\t<div class=\"elementor-element elementor-element-06d42e9 elementor-grid-2 elementor-grid-tablet-2 elementor-grid-mobile-1 elementor-widget elementor-widget-loop-grid\" data-id=\"06d42e9\" data-element_type=\"widget\" data-e-type=\"widget\" data-settings=\"{&quot;template_id&quot;:&quot;224&quot;,&quot;columns&quot;:2,&quot;pagination_type&quot;:&quot;numbers&quot;,&quot;pagination_load_type&quot;:&quot;ajax&quot;,&quot;auto_scroll&quot;:&quot;yes&quot;,&quot;_skin&quot;:&quot;post&quot;,&quot;columns_tablet&quot;:&quot;2&quot;,&quot;columns_mobile&quot;:&quot;1&quot;,&quot;edit_handle_selector&quot;:&quot;[data-elementor-type=\\&quot;loop-item\\&quot;]&quot;,&quot;row_gap&quot;:{&quot;unit&quot;:&quot;px&quot;,&quot;size&quot;:&quot;&quot;,&quot;sizes&quot;:[]},&quot;row_gap_tablet&quot;:{&quot;unit&quot;:&quot;px&quot;,&quot;size&quot;:&quot;&quot;,&quot;sizes&quot;:[]},&quot;row_gap_mobile&quot;:{&quot;unit&quot;:&quot;px&quot;,&quot;size&quot;:&quot;&quot;,&quot;sizes&quot;:[]}}\" data-widget_type=\"loop-grid.post\">\n\t\t\t\t<div class=\"elementor-widget-container\">\n\t\t\t\t\t\t\t<div class=\"elementor-loop-container elementor-grid\" role=\"list\">\n\t\t<style id=\"loop-224\">.elementor-224 .elementor-element.elementor-element-0051c01{--display:flex;--flex-direction:column;--container-widget-width:100%;--container-widget-height:initial;--container-widget-flex-grow:0;--container-widget-align-self:initial;--flex-wrap-mobile:wrap;--gap:0px 0px;--row-gap:0px;--column-gap:0px;--padding-top:0px;--padding-bottom:0px;--padding-left:0px;--padding-right:0px;}.elementor-224 .elementor-element.elementor-element-882caa2{--display:flex;--gap:0px 0px;--row-gap:0px;--column-gap:0px;--padding-top:0px;--padding-bottom:0px;--padding-left:0px;--padding-right:0px;}.elementor-224 .elementor-element.elementor-element-597022c{--display:flex;}.elementor-widget-theme-post-featured-image .widget-image-caption{color:var( --e-global-color-text );font-family:var( --e-global-typography-text-font-family ), Sans-serif;font-weight:var( --e-global-typography-text-font-weight );}.elementor-224 .elementor-element.elementor-element-71e8f72 img{border-radius:30px 30px 30px 30px;}.elementor-224 .elementor-element.elementor-element-71e8f72{padding:0px 20px 0px 20px;}.elementor-widget-divider{--divider-color:var( --e-global-color-secondary );}.elementor-widget-divider .elementor-divider__text{color:var( --e-global-color-secondary );font-family:var( --e-global-typography-secondary-font-family ), Sans-serif;font-weight:var( --e-global-typography-secondary-font-weight );}.elementor-widget-divider.elementor-view-stacked .elementor-icon{background-color:var( --e-global-color-secondary );}.elementor-widget-divider.elementor-view-framed .elementor-icon, .elementor-widget-divider.elementor-view-default .elementor-icon{color:var( --e-global-color-secondary );border-color:var( --e-global-color-secondary );}.elementor-widget-divider.elementor-view-framed .elementor-icon, .elementor-widget-divider.elementor-view-default .elementor-icon svg{fill:var( --e-global-color-secondary );}.elementor-224 .elementor-element.elementor-element-4cd3187{--divider-border-style:solid;--divider-color:var( --e-global-color-primary );--divider-border-width:14px;padding:0px 20px 0px 20px;}.elementor-224 .elementor-element.elementor-element-4cd3187 .elementor-divider-separator{width:70%;}.elementor-224 .elementor-element.elementor-element-4cd3187 .elementor-divider{padding-block-start:0px;padding-block-end:0px;}.elementor-224 .elementor-element.elementor-element-d52d838{--display:flex;--border-radius:30px 30px 30px 30px;box-shadow:0px 13px 16px 0px rgba(0, 0, 0, 0.25098039215686274);--margin-top:-50px;--margin-bottom:0px;--margin-left:0px;--margin-right:0px;--padding-top:20px;--padding-bottom:20px;--padding-left:35px;--padding-right:35px;}.elementor-224 .elementor-element.elementor-element-d52d838:not(.elementor-motion-effects-element-type-background), .elementor-224 .elementor-element.elementor-element-d52d838 > .elementor-motion-effects-container > .elementor-motion-effects-layer{background-color:var( --e-global-color-accent );}.elementor-224 .elementor-element.elementor-element-7b60d54{--display:flex;}.elementor-widget-theme-post-title .elementor-heading-title{font-family:var( --e-global-typography-primary-font-family ), Sans-serif;font-weight:var( --e-global-typography-primary-font-weight );color:var( --e-global-color-primary );}.elementor-224 .elementor-element.elementor-element-10e317b{text-align:center;}.elementor-224 .elementor-element.elementor-element-10e317b .elementor-heading-title{font-family:\"Poppins\", Sans-serif;font-size:20px;font-weight:700;color:#0A4F6C;}.elementor-widget-heading .elementor-heading-title{font-family:var( --e-global-typography-primary-font-family ), Sans-serif;font-weight:var( --e-global-typography-primary-font-weight );color:var( --e-global-color-primary );}.elementor-224 .elementor-element.elementor-element-106ae1e{text-align:center;}.elementor-224 .elementor-element.elementor-element-106ae1e .elementor-heading-title{font-family:\"Raleway\", Sans-serif;font-size:14px;font-weight:500;line-height:20px;color:#777373;}@media(max-width:767px){.elementor-224 .elementor-element.elementor-element-d52d838{--padding-top:20px;--padding-bottom:20px;--padding-left:20px;--padding-right:20px;}.elementor-224 .elementor-element.elementor-element-7b60d54{--padding-top:0px;--padding-bottom:0px;--padding-left:0px;--padding-right:0px;}}<\/style>\t\t<div data-elementor-type=\"loop-item\" data-elementor-id=\"224\" class=\"elementor elementor-224 e-loop-item e-loop-item-243 post-243 post type-post status-publish format-standard has-post-thumbnail hentry category-novedades\" data-elementor-post-type=\"elementor_library\" data-custom-edit-handle=\"1\">\n\t\t\t<div class=\"elementor-element elementor-element-0051c01 e-flex e-con-boxed e-con e-parent\" data-id=\"0051c01\" data-element_type=\"container\" data-e-type=\"container\">\n\t\t\t\t\t<div class=\"e-con-inner\">\n\t\t<div class=\"elementor-element elementor-element-882caa2 e-con-full e-flex e-con e-child\" data-id=\"882caa2\" data-element_type=\"container\" data-e-type=\"container\">\n\t\t<div class=\"elementor-element elementor-element-597022c e-con-full contanier-border e-flex e-con e-child\" data-id=\"597022c\" data-element_type=\"container\" data-e-type=\"container\">\n\t\t\t\t<div class=\"elementor-element elementor-element-71e8f72 elementor-widget elementor-widget-theme-post-featured-image elementor-widget-image\" data-id=\"71e8f72\" data-element_type=\"widget\" data-e-type=\"widget\" data-widget_type=\"theme-post-featured-image.default\">\n\t\t\t\t\t\t\t\t\t\t\t\t\t\t\t\t<a href=\"https:\/\/levelupcol.com\/en\/el-oxigeno-de-su-empresa-entendiendo-el-capital-de-trabajo-sin-ser-financiero\/\">\n\t\t\t\t\t\t\t<img fetchpriority=\"high\" decoding=\"async\" width=\"1280\" height=\"854\" src=\"https:\/\/levelupcol.com\/wp-content\/uploads\/2026\/04\/blog6.webp\" class=\"attachment-full size-full wp-image-244\" alt=\"\" srcset=\"https:\/\/levelupcol.com\/wp-content\/uploads\/2026\/04\/blog6.webp 1280w, https:\/\/levelupcol.com\/wp-content\/uploads\/2026\/04\/blog6-300x200.webp 300w, https:\/\/levelupcol.com\/wp-content\/uploads\/2026\/04\/blog6-1024x683.webp 1024w, https:\/\/levelupcol.com\/wp-content\/uploads\/2026\/04\/blog6-768x512.webp 768w\" sizes=\"(max-width: 1280px) 100vw, 1280px\" \/>\t\t\t\t\t\t\t\t<\/a>\n\t\t\t\t\t\t\t\t\t\t\t\t\t\t\t<\/div>\n\t\t\t\t<div class=\"elementor-element elementor-element-4cd3187 elementor-widget-divider--view-line elementor-widget elementor-widget-divider\" data-id=\"4cd3187\" data-element_type=\"widget\" data-e-type=\"widget\" id=\"divider-img\" data-widget_type=\"divider.default\">\n\t\t\t\t\t\t\t<div class=\"elementor-divider\">\n\t\t\t<span class=\"elementor-divider-separator\">\n\t\t\t\t\t\t<\/span>\n\t\t<\/div>\n\t\t\t\t\t\t<\/div>\n\t\t\t\t<\/div>\n\t\t<div class=\"elementor-element elementor-element-d52d838 e-con-full e-flex e-con e-child\" data-id=\"d52d838\" data-element_type=\"container\" data-e-type=\"container\" data-settings=\"{&quot;background_background&quot;:&quot;classic&quot;}\">\n\t\t<div class=\"elementor-element elementor-element-7b60d54 e-con-full e-flex e-con e-child\" data-id=\"7b60d54\" data-element_type=\"container\" data-e-type=\"container\">\n\t\t\t\t<div class=\"elementor-element elementor-element-10e317b elementor-widget elementor-widget-theme-post-title elementor-page-title elementor-widget-heading\" data-id=\"10e317b\" data-element_type=\"widget\" data-e-type=\"widget\" data-widget_type=\"theme-post-title.default\">\n\t\t\t\t\t<h3 class=\"elementor-heading-title elementor-size-default\"><a href=\"https:\/\/levelupcol.com\/en\/el-oxigeno-de-su-empresa-entendiendo-el-capital-de-trabajo-sin-ser-financiero\/\">El ox\u00edgeno de su empresa: entendiendo el capital de trabajo sin ser financiero<\/a><\/h3>\t\t\t\t<\/div>\n\t\t\t\t<div class=\"elementor-element elementor-element-106ae1e elementor-widget elementor-widget-heading\" data-id=\"106ae1e\" data-element_type=\"widget\" data-e-type=\"widget\" data-widget_type=\"heading.default\">\n\t\t\t\t\t<p class=\"elementor-heading-title elementor-size-default\"><a href=\"https:\/\/levelupcol.com\/en\/el-oxigeno-de-su-empresa-entendiendo-el-capital-de-trabajo-sin-ser-financiero\/\">D\u00e9jeme contarle una historia que se repite m\u00e1s de lo que uno quisiera.\n\nDon Jorge tiene una empresa de distribuci\u00f3n de materiales de construcci\u00f3n. Le va bien: el a\u00f1o pasado vendi\u00f3 8.000 millones de pesos y tuvo una utilidad del 12%.<\/a><\/p>\t\t\t\t<\/div>\n\t\t\t\t<\/div>\n\t\t\t\t<\/div>\n\t\t\t\t<\/div>\n\t\t\t\t\t<\/div>\n\t\t\t\t<\/div>\n\t\t\t\t<\/div>\n\t\t\t\t<div data-elementor-type=\"loop-item\" data-elementor-id=\"224\" class=\"elementor elementor-224 e-loop-item e-loop-item-230 post-230 post type-post status-publish format-standard has-post-thumbnail hentry category-novedades\" data-elementor-post-type=\"elementor_library\" data-custom-edit-handle=\"1\">\n\t\t\t<div class=\"elementor-element elementor-element-0051c01 e-flex e-con-boxed e-con e-parent\" data-id=\"0051c01\" data-element_type=\"container\" data-e-type=\"container\">\n\t\t\t\t\t<div class=\"e-con-inner\">\n\t\t<div class=\"elementor-element elementor-element-882caa2 e-con-full e-flex e-con e-child\" data-id=\"882caa2\" data-element_type=\"container\" data-e-type=\"container\">\n\t\t<div class=\"elementor-element elementor-element-597022c e-con-full contanier-border e-flex e-con e-child\" data-id=\"597022c\" data-element_type=\"container\" data-e-type=\"container\">\n\t\t\t\t<div class=\"elementor-element elementor-element-71e8f72 elementor-widget elementor-widget-theme-post-featured-image elementor-widget-image\" data-id=\"71e8f72\" data-element_type=\"widget\" data-e-type=\"widget\" data-widget_type=\"theme-post-featured-image.default\">\n\t\t\t\t\t\t\t\t\t\t\t\t\t\t\t\t<a href=\"https:\/\/levelupcol.com\/en\/cuando-la-inteligencia-artificial-se-pone-la-camisa-del-contador\/\">\n\t\t\t\t\t\t\t<img decoding=\"async\" width=\"1280\" height=\"854\" src=\"https:\/\/levelupcol.com\/wp-content\/uploads\/2026\/04\/blog2.webp\" class=\"attachment-full size-full wp-image-231\" alt=\"Blog 2\" srcset=\"https:\/\/levelupcol.com\/wp-content\/uploads\/2026\/04\/blog2.webp 1280w, https:\/\/levelupcol.com\/wp-content\/uploads\/2026\/04\/blog2-300x200.webp 300w, https:\/\/levelupcol.com\/wp-content\/uploads\/2026\/04\/blog2-1024x683.webp 1024w, https:\/\/levelupcol.com\/wp-content\/uploads\/2026\/04\/blog2-768x512.webp 768w\" sizes=\"(max-width: 1280px) 100vw, 1280px\" \/>\t\t\t\t\t\t\t\t<\/a>\n\t\t\t\t\t\t\t\t\t\t\t\t\t\t\t<\/div>\n\t\t\t\t<div class=\"elementor-element elementor-element-4cd3187 elementor-widget-divider--view-line elementor-widget elementor-widget-divider\" data-id=\"4cd3187\" data-element_type=\"widget\" data-e-type=\"widget\" id=\"divider-img\" data-widget_type=\"divider.default\">\n\t\t\t\t\t\t\t<div class=\"elementor-divider\">\n\t\t\t<span class=\"elementor-divider-separator\">\n\t\t\t\t\t\t<\/span>\n\t\t<\/div>\n\t\t\t\t\t\t<\/div>\n\t\t\t\t<\/div>\n\t\t<div class=\"elementor-element elementor-element-d52d838 e-con-full e-flex e-con e-child\" data-id=\"d52d838\" data-element_type=\"container\" data-e-type=\"container\" data-settings=\"{&quot;background_background&quot;:&quot;classic&quot;}\">\n\t\t<div class=\"elementor-element elementor-element-7b60d54 e-con-full e-flex e-con e-child\" data-id=\"7b60d54\" data-element_type=\"container\" data-e-type=\"container\">\n\t\t\t\t<div class=\"elementor-element elementor-element-10e317b elementor-widget elementor-widget-theme-post-title elementor-page-title elementor-widget-heading\" data-id=\"10e317b\" data-element_type=\"widget\" data-e-type=\"widget\" data-widget_type=\"theme-post-title.default\">\n\t\t\t\t\t<h3 class=\"elementor-heading-title elementor-size-default\"><a href=\"https:\/\/levelupcol.com\/en\/cuando-la-inteligencia-artificial-se-pone-la-camisa-del-contador\/\">Cuando la inteligencia artificial se pone la camisa del contador<\/a><\/h3>\t\t\t\t<\/div>\n\t\t\t\t<div class=\"elementor-element elementor-element-106ae1e elementor-widget elementor-widget-heading\" data-id=\"106ae1e\" data-element_type=\"widget\" data-e-type=\"widget\" data-widget_type=\"heading.default\">\n\t\t\t\t\t<p class=\"elementor-heading-title elementor-size-default\"><a href=\"https:\/\/levelupcol.com\/en\/cuando-la-inteligencia-artificial-se-pone-la-camisa-del-contador\/\">Imag\u00ednese esta escena: es el d\u00eda 5 del mes. Su contador lleva tres noches seguidas acost\u00e1ndose a las 2 de la ma\u00f1ana, rodeado de facturas en PDF, archivos de Excel y descargas del portal de la DIAN.<\/a><\/p>\t\t\t\t<\/div>\n\t\t\t\t<\/div>\n\t\t\t\t<\/div>\n\t\t\t\t<\/div>\n\t\t\t\t\t<\/div>\n\t\t\t\t<\/div>\n\t\t\t\t<\/div>\n\t\t\t\t<div data-elementor-type=\"loop-item\" data-elementor-id=\"224\" class=\"elementor elementor-224 e-loop-item e-loop-item-1 post-1 post type-post status-publish format-standard has-post-thumbnail hentry category-novedades\" data-elementor-post-type=\"elementor_library\" data-custom-edit-handle=\"1\">\n\t\t\t<div class=\"elementor-element elementor-element-0051c01 e-flex e-con-boxed e-con e-parent\" data-id=\"0051c01\" data-element_type=\"container\" data-e-type=\"container\">\n\t\t\t\t\t<div class=\"e-con-inner\">\n\t\t<div class=\"elementor-element elementor-element-882caa2 e-con-full e-flex e-con e-child\" data-id=\"882caa2\" data-element_type=\"container\" data-e-type=\"container\">\n\t\t<div class=\"elementor-element elementor-element-597022c e-con-full contanier-border e-flex e-con e-child\" data-id=\"597022c\" data-element_type=\"container\" data-e-type=\"container\">\n\t\t\t\t<div class=\"elementor-element elementor-element-71e8f72 elementor-widget elementor-widget-theme-post-featured-image elementor-widget-image\" data-id=\"71e8f72\" data-element_type=\"widget\" data-e-type=\"widget\" data-widget_type=\"theme-post-featured-image.default\">\n\t\t\t\t\t\t\t\t\t\t\t\t\t\t\t\t<a href=\"https:\/\/levelupcol.com\/en\/las-ventas-son-vanidad-los-margenes-son-salud-y-la-caja-es-la-realidad\/\">\n\t\t\t\t\t\t\t<img decoding=\"async\" width=\"1280\" height=\"854\" src=\"https:\/\/levelupcol.com\/wp-content\/uploads\/2026\/04\/blog1.webp\" class=\"attachment-full size-full wp-image-228\" alt=\"Blog 1\" srcset=\"https:\/\/levelupcol.com\/wp-content\/uploads\/2026\/04\/blog1.webp 1280w, https:\/\/levelupcol.com\/wp-content\/uploads\/2026\/04\/blog1-300x200.webp 300w, https:\/\/levelupcol.com\/wp-content\/uploads\/2026\/04\/blog1-1024x683.webp 1024w, https:\/\/levelupcol.com\/wp-content\/uploads\/2026\/04\/blog1-768x512.webp 768w\" sizes=\"(max-width: 1280px) 100vw, 1280px\" \/>\t\t\t\t\t\t\t\t<\/a>\n\t\t\t\t\t\t\t\t\t\t\t\t\t\t\t<\/div>\n\t\t\t\t<div class=\"elementor-element elementor-element-4cd3187 elementor-widget-divider--view-line elementor-widget elementor-widget-divider\" data-id=\"4cd3187\" data-element_type=\"widget\" data-e-type=\"widget\" id=\"divider-img\" data-widget_type=\"divider.default\">\n\t\t\t\t\t\t\t<div class=\"elementor-divider\">\n\t\t\t<span class=\"elementor-divider-separator\">\n\t\t\t\t\t\t<\/span>\n\t\t<\/div>\n\t\t\t\t\t\t<\/div>\n\t\t\t\t<\/div>\n\t\t<div class=\"elementor-element elementor-element-d52d838 e-con-full e-flex e-con e-child\" data-id=\"d52d838\" data-element_type=\"container\" data-e-type=\"container\" data-settings=\"{&quot;background_background&quot;:&quot;classic&quot;}\">\n\t\t<div class=\"elementor-element elementor-element-7b60d54 e-con-full e-flex e-con e-child\" data-id=\"7b60d54\" data-element_type=\"container\" data-e-type=\"container\">\n\t\t\t\t<div class=\"elementor-element elementor-element-10e317b elementor-widget elementor-widget-theme-post-title elementor-page-title elementor-widget-heading\" data-id=\"10e317b\" data-element_type=\"widget\" data-e-type=\"widget\" data-widget_type=\"theme-post-title.default\">\n\t\t\t\t\t<h3 class=\"elementor-heading-title elementor-size-default\"><a href=\"https:\/\/levelupcol.com\/en\/las-ventas-son-vanidad-los-margenes-son-salud-y-la-caja-es-la-realidad\/\">Las ventas son vanidad, los m\u00e1rgenes son salud y la caja es la realidad<\/a><\/h3>\t\t\t\t<\/div>\n\t\t\t\t<div class=\"elementor-element elementor-element-106ae1e elementor-widget elementor-widget-heading\" data-id=\"106ae1e\" data-element_type=\"widget\" data-e-type=\"widget\" data-widget_type=\"heading.default\">\n\t\t\t\t\t<p class=\"elementor-heading-title elementor-size-default\"><a href=\"https:\/\/levelupcol.com\/en\/las-ventas-son-vanidad-los-margenes-son-salud-y-la-caja-es-la-realidad\/\">Hay una frase que en el mundo financiero se repite tanto que ya parece clich\u00e9, pero que sigue siendo una de las verdades m\u00e1s \u00fatiles para cualquier due\u00f1o de empresa. Las ventas son vanidad, los m\u00e1rgenes son salud y la caja es la realidad.<\/a><\/p>\t\t\t\t<\/div>\n\t\t\t\t<\/div>\n\t\t\t\t<\/div>\n\t\t\t\t<\/div>\n\t\t\t\t\t<\/div>\n\t\t\t\t<\/div>\n\t\t\t\t<\/div>\n\t\t\t\t<\/div>\n\t\t\n\t\t\t\t\t\t<\/div>\n\t\t\t\t<\/div>\n\t\t\t\t<\/div>\n\t\t\t\t<\/div>\n\t\t\t\t\t<\/div>\n\t\t\t\t<\/div>\n\t\t\t\t<\/div>\n\t\t\t\t<\/div>\n\t\t","protected":false},"excerpt":{"rendered":"<p>Novedades financieras En esta secci\u00f3n encontrar\u00e1s informaci\u00f3n actualizada sobre cambios, tendencias y noticias relevantes del entorno financiero. Nuestro objetivo es mantener a nuestros clientes y aliados informados sobre nuevas oportunidades, actualizaciones del mercado, modificaciones normativas y herramientas que puedan impactar positivamente la gesti\u00f3n de sus finanzas.<\/p>","protected":false},"author":1,"featured_media":0,"parent":0,"menu_order":0,"comment_status":"closed","ping_status":"closed","template":"elementor_header_footer","meta":{"_acf_changed":false,"footnotes":""},"class_list":["post-24","page","type-page","status-publish","hentry"],"acf":[],"_links":{"self":[{"href":"https:\/\/levelupcol.com\/en\/wp-json\/wp\/v2\/pages\/24","targetHints":{"allow":["GET"]}}],"collection":[{"href":"https:\/\/levelupcol.com\/en\/wp-json\/wp\/v2\/pages"}],"about":[{"href":"https:\/\/levelupcol.com\/en\/wp-json\/wp\/v2\/types\/page"}],"author":[{"embeddable":true,"href":"https:\/\/levelupcol.com\/en\/wp-json\/wp\/v2\/users\/1"}],"replies":[{"embeddable":true,"href":"https:\/\/levelupcol.com\/en\/wp-json\/wp\/v2\/comments?post=24"}],"version-history":[{"count":46,"href":"https:\/\/levelupcol.com\/en\/wp-json\/wp\/v2\/pages\/24\/revisions"}],"predecessor-version":[{"id":533,"href":"https:\/\/levelupcol.com\/en\/wp-json\/wp\/v2\/pages\/24\/revisions\/533"}],"wp:attachment":[{"href":"https:\/\/levelupcol.com\/en\/wp-json\/wp\/v2\/media?parent=24"}],"curies":[{"name":"wp","href":"https:\/\/api.w.org\/{rel}","templated":true}]}}